{"id":363,"date":"2018-06-07T11:17:53","date_gmt":"2018-06-07T11:17:53","guid":{"rendered":"http:\/\/ande.mikado-themes.com\/?page_id=363"},"modified":"2026-01-27T19:34:14","modified_gmt":"2026-01-27T19:34:14","slug":"restaurant-home","status":"publish","type":"page","link":"https:\/\/www.masiademasllunes.com\/","title":{"rendered":"Restaurant Home"},"content":{"rendered":"<div class=\"wpb-content-wrapper\"><p>[vc_row row_content_width=\u00bbgrid\u00bb css=\u00bb.vc_custom_1755678599558{padding-top: 100px !important;padding-bottom: 12px !important;}\u00bb][vc_column][vc_column_text]<\/p>\n<h2 style=\"text-align: center;\"><strong>ALGUNS DELS NOSTRES PLATS<\/strong><\/h2>\n<p>[\/vc_column_text][vc_row_inner][vc_column_inner offset=\u00bbvc_col-lg-4 vc_col-md-4&#8243;][vc_empty_space height=\u00bb75px\u00bb][vc_column_text]<\/p>\n<h3>ENTRANTS<\/h3>\n<p>[\/vc_column_text][vc_empty_space height=\u00bb16px\u00bb]<div class=\"mkdf-restaurant-menu-list\"><ul class=\"mkdf-rml-holder\"><li class=\"mkdf-rml-item clearfix\">\n\t\t<div class=\"mkdf-rml-item-content\">\n\t\t<div class=\"mkdf-rml-top-holder\">\n\t\t\t<div class=\"mkdf-rml-title-holder\">\n\t\t\t\t<h6 class=\"mkdf-rml-title\">\n\t\t\t\t\tAmanida de formatge de cabra\t\t\t\t<\/h6>\n\t\t\t<\/div>\n\t\t\t\t\t\t<div class=\"mkdf-rml-description-holder\">\n\t\t\t\tamb vinagreta de mel i fruits secs\t\t\t<\/div>\n\t\t\t\t\t\t\n\t\t<\/div>\n\t\t<div class=\"mkdf-rml-bottom-holder clearfix\">\n\t\t\t<div class=\"mkdf-rml-line\"><\/div>\n\n\t\t\t\t\t\t\t<div class=\"mkdf-rml-price-holder\">\n\t\t\t\t\t<h5 class=\"mkdf-rml-price\">14\u20ac<\/h5>\n\t\t\t\t<\/div>\n\n\t\t\t\t\t\t\n\n\t\t\t\t\t<\/div>\n\t<\/div>\n\n<\/li><li class=\"mkdf-rml-item clearfix\">\n\t\t<div class=\"mkdf-rml-item-content\">\n\t\t<div class=\"mkdf-rml-top-holder\">\n\t\t\t<div class=\"mkdf-rml-title-holder\">\n\t\t\t\t<h6 class=\"mkdf-rml-title\">\n\t\t\t\t\tAmanida verda\t\t\t\t<\/h6>\n\t\t\t<\/div>\n\t\t\t\t\t\t<div class=\"mkdf-rml-description-holder\">\n\t\t\t\tenciam, tom\u00e0quet, pebrot i ceba trendra\t\t\t<\/div>\n\t\t\t\t\t\t\n\t\t<\/div>\n\t\t<div class=\"mkdf-rml-bottom-holder clearfix\">\n\t\t\t<div class=\"mkdf-rml-line\"><\/div>\n\n\t\t\t\t\t\t\t<div class=\"mkdf-rml-price-holder\">\n\t\t\t\t\t<h5 class=\"mkdf-rml-price\">9\u20ac<\/h5>\n\t\t\t\t<\/div>\n\n\t\t\t\t\t\t\n\n\t\t\t\t\t<\/div>\n\t<\/div>\n\n<\/li><li class=\"mkdf-rml-item clearfix\">\n\t\t<div class=\"mkdf-rml-item-content\">\n\t\t<div class=\"mkdf-rml-top-holder\">\n\t\t\t<div class=\"mkdf-rml-title-holder\">\n\t\t\t\t<h6 class=\"mkdf-rml-title\">\n\t\t\t\t\tTaula d&#8217;embotits\t\t\t\t<\/h6>\n\t\t\t<\/div>\n\t\t\t\t\t\t<div class=\"mkdf-rml-description-holder\">\n\t\t\t\t(recomanada per 2 persones)\t\t\t<\/div>\n\t\t\t\t\t\t\n\t\t<\/div>\n\t\t<div class=\"mkdf-rml-bottom-holder clearfix\">\n\t\t\t<div class=\"mkdf-rml-line\"><\/div>\n\n\t\t\t\t\t\t\t<div class=\"mkdf-rml-price-holder\">\n\t\t\t\t\t<h5 class=\"mkdf-rml-price\">19\u20ac<\/h5>\n\t\t\t\t<\/div>\n\n\t\t\t\t\t\t\n\n\t\t\t\t\t<\/div>\n\t<\/div>\n\n<\/li><\/ul><\/div>[\/vc_column_inner][vc_column_inner offset=\u00bbvc_col-lg-4 vc_col-md-4&#8243;][vc_empty_space height=\u00bb75px\u00bb][vc_column_text]<\/p>\n<h3>PLATS PRINCIPALS<\/h3>\n<p>[\/vc_column_text][vc_empty_space height=\u00bb16px\u00bb]<div class=\"mkdf-restaurant-menu-list\"><ul class=\"mkdf-rml-holder\"><li class=\"mkdf-rml-item clearfix\">\n\t\t<div class=\"mkdf-rml-item-content\">\n\t\t<div class=\"mkdf-rml-top-holder\">\n\t\t\t<div class=\"mkdf-rml-title-holder\">\n\t\t\t\t<h6 class=\"mkdf-rml-title\">\n\t\t\t\t\tConfit d&#8217;\u00e0nec\t\t\t\t<\/h6>\n\t\t\t<\/div>\n\t\t\t\t\t\t<div class=\"mkdf-rml-description-holder\">\n\t\t\t\tAmb salsa de bolets\t\t\t<\/div>\n\t\t\t\t\t\t\n\t\t<\/div>\n\t\t<div class=\"mkdf-rml-bottom-holder clearfix\">\n\t\t\t<div class=\"mkdf-rml-line\"><\/div>\n\n\t\t\t\t\t\t\t<div class=\"mkdf-rml-price-holder\">\n\t\t\t\t\t<h5 class=\"mkdf-rml-price\">18\u20ac<\/h5>\n\t\t\t\t<\/div>\n\n\t\t\t\t\t\t\n\n\t\t\t\t\t<\/div>\n\t<\/div>\n\n<\/li><li class=\"mkdf-rml-item clearfix\">\n\t\t<div class=\"mkdf-rml-item-content\">\n\t\t<div class=\"mkdf-rml-top-holder\">\n\t\t\t<div class=\"mkdf-rml-title-holder\">\n\t\t\t\t<h6 class=\"mkdf-rml-title\">\n\t\t\t\t\tEntrecot de Vedella\t\t\t\t<\/h6>\n\t\t\t<\/div>\n\t\t\t\t\t\t<div class=\"mkdf-rml-description-holder\">\n\t\t\t\t(250gr o 500gr)\t\t\t<\/div>\n\t\t\t\t\t\t\n\t\t<\/div>\n\t\t<div class=\"mkdf-rml-bottom-holder clearfix\">\n\t\t\t<div class=\"mkdf-rml-line\"><\/div>\n\n\t\t\t\t\t\t\t<div class=\"mkdf-rml-price-holder\">\n\t\t\t\t\t<h5 class=\"mkdf-rml-price\">18\u20ac\/24\u20ac<\/h5>\n\t\t\t\t<\/div>\n\n\t\t\t\t\t\t\n\n\t\t\t\t\t<\/div>\n\t<\/div>\n\n<\/li><li class=\"mkdf-rml-item clearfix\">\n\t\t<div class=\"mkdf-rml-item-content\">\n\t\t<div class=\"mkdf-rml-top-holder\">\n\t\t\t<div class=\"mkdf-rml-title-holder\">\n\t\t\t\t<h6 class=\"mkdf-rml-title\">\n\t\t\t\t\tMagret\t\t\t\t<\/h6>\n\t\t\t<\/div>\n\t\t\t\t\t\t<div class=\"mkdf-rml-description-holder\">\n\t\t\t\tAmb salsa suau de fruits vermells\t\t\t<\/div>\n\t\t\t\t\t\t\n\t\t<\/div>\n\t\t<div class=\"mkdf-rml-bottom-holder clearfix\">\n\t\t\t<div class=\"mkdf-rml-line\"><\/div>\n\n\t\t\t\t\t\t\t<div class=\"mkdf-rml-price-holder\">\n\t\t\t\t\t<h5 class=\"mkdf-rml-price\">17,50\u20ac<\/h5>\n\t\t\t\t<\/div>\n\n\t\t\t\t\t\t\n\n\t\t\t\t\t<\/div>\n\t<\/div>\n\n<\/li><\/ul><\/div>[\/vc_column_inner][vc_column_inner offset=\u00bbvc_col-lg-4 vc_col-md-4&#8243;][vc_empty_space height=\u00bb75px\u00bb][vc_column_text]<\/p>\n<h3>POSTRES<\/h3>\n<p>[\/vc_column_text][vc_empty_space height=\u00bb16px\u00bb]<div class=\"mkdf-restaurant-menu-list\"><ul class=\"mkdf-rml-holder\"><li class=\"mkdf-rml-item clearfix\">\n\t\t<div class=\"mkdf-rml-item-content\">\n\t\t<div class=\"mkdf-rml-top-holder\">\n\t\t\t<div class=\"mkdf-rml-title-holder\">\n\t\t\t\t<h6 class=\"mkdf-rml-title\">\n\t\t\t\t\tPast\u00eds de formatge crem\u00f3s\t\t\t\t<\/h6>\n\t\t\t<\/div>\n\t\t\t\t\t\t\n\t\t<\/div>\n\t\t<div class=\"mkdf-rml-bottom-holder clearfix\">\n\t\t\t<div class=\"mkdf-rml-line\"><\/div>\n\n\t\t\t\t\t\t\t<div class=\"mkdf-rml-price-holder\">\n\t\t\t\t\t<h5 class=\"mkdf-rml-price\">6\u20ac<\/h5>\n\t\t\t\t<\/div>\n\n\t\t\t\t\t\t\n\n\t\t\t\t\t<\/div>\n\t<\/div>\n\n<\/li><li class=\"mkdf-rml-item clearfix\">\n\t\t<div class=\"mkdf-rml-item-content\">\n\t\t<div class=\"mkdf-rml-top-holder\">\n\t\t\t<div class=\"mkdf-rml-title-holder\">\n\t\t\t\t<h6 class=\"mkdf-rml-title\">\n\t\t\t\t\tCrema Catalana\t\t\t\t<\/h6>\n\t\t\t<\/div>\n\t\t\t\t\t\t\n\t\t<\/div>\n\t\t<div class=\"mkdf-rml-bottom-holder clearfix\">\n\t\t\t<div class=\"mkdf-rml-line\"><\/div>\n\n\t\t\t\t\t\t\t<div class=\"mkdf-rml-price-holder\">\n\t\t\t\t\t<h5 class=\"mkdf-rml-price\">5,5\u20ac<\/h5>\n\t\t\t\t<\/div>\n\n\t\t\t\t\t\t\n\n\t\t\t\t\t<\/div>\n\t<\/div>\n\n<\/li><li class=\"mkdf-rml-item clearfix\">\n\t\t<div class=\"mkdf-rml-item-content\">\n\t\t<div class=\"mkdf-rml-top-holder\">\n\t\t\t<div class=\"mkdf-rml-title-holder\">\n\t\t\t\t<h6 class=\"mkdf-rml-title\">\n\t\t\t\t\tFlam de la Masia\t\t\t\t<\/h6>\n\t\t\t<\/div>\n\t\t\t\t\t\t\n\t\t<\/div>\n\t\t<div class=\"mkdf-rml-bottom-holder clearfix\">\n\t\t\t<div class=\"mkdf-rml-line\"><\/div>\n\n\t\t\t\t\t\t\t<div class=\"mkdf-rml-price-holder\">\n\t\t\t\t\t<h5 class=\"mkdf-rml-price\">5,5\u20ac<\/h5>\n\t\t\t\t<\/div>\n\n\t\t\t\t\t\t\n\n\t\t\t\t\t<\/div>\n\t<\/div>\n\n<\/li><\/ul><\/div>[\/vc_column_inner][\/vc_row_inner][vc_row_inner content_text_aligment=\u00bbcenter\u00bb css=\u00bb.vc_custom_1529592380633{padding-top: 42px !important;padding-bottom: 157px !important;}\u00bb][vc_column_inner]<a itemprop=\"url\" href=\"https:\/\/www.masiademasllunes.com\/index.php\/carta\/\" target=\"_self\" style=\"color: #ffffff;background-color: #555448\" class=\"mkdf-btn mkdf-btn-medium mkdf-btn-solid mkdf-btn-custom-hover-bg mkdf-btn-custom-hover-color\" data-hover-color=\"#ffffff\" data-hover-bg-color=\"#4f0c28\" >\n    <span class=\"mkdf-btn-text\">VEURE TOTA LA CARTA<\/span>\n    <\/a>[\/vc_column_inner][\/vc_row_inner][\/vc_column][\/vc_row][vc_row content_text_aligment=\u00bbcenter\u00bb parallax_background_image=\u00bb5382&#8243;][vc_column]<div class=\"mkdf-elements-holder   mkdf-one-column  mkdf-responsive-mode-768 \" ><div class=\"mkdf-eh-item    \"  data-item-class=\"mkdf-eh-custom-9572\" data-1025-1366=\"6.1% 9%\" data-769-1024=\"15% 6% 17%\" data-681-768=\"20% 5% 17%\" data-680=\"21% 5px 0px\">\n\t<div class=\"mkdf-eh-item-inner\">\n\t\t<div class=\"mkdf-eh-item-content mkdf-eh-custom-9572\" style=\"padding: 12.3% 10%\">\n\t\t\t<h1 class=\"mkdf-custom-font-holder  mkdf-cf-1857   \" style=\"text-align: center;color: #ffffff\" data-item-class=\"mkdf-cf-1857\" data-font-size-1366=\"78px\" data-font-size-1024=\"60px\" data-font-size-768=\"45px\" data-font-size-680=\"22px\" data-line-height-1366=\"91px\" data-line-height-1024=\"74px\" data-line-height-768=\"59px\" data-line-height-680=\"36px\">\n\tA l'ombra de la morera, et tenim la taula parada<\/h1>\t\t<\/div>\n\t<\/div>\n<\/div><\/div>[\/vc_column][\/vc_row][vc_row disable_background_image=\u00bb\u00bb content_text_aligment=\u00bbcenter\u00bb simple_background_image=\u00bb368&#8243; css=\u00bb.vc_custom_1755686437755{padding-top: 159px !important;padding-bottom: 161px !important;}\u00bb background_image_position=\u00bbcenter\u00bb][vc_column]<div class=\"mkdf-elements-holder   mkdf-one-column  mkdf-responsive-mode-768 \" ><div class=\"mkdf-eh-item    \"  data-item-class=\"mkdf-eh-custom-8904\" data-1025-1366=\"0px 27%\" data-769-1024=\"0px 19%\" data-681-768=\"0px 9%\" data-680=\"0px 2%\">\n\t<div class=\"mkdf-eh-item-inner\">\n\t\t<div class=\"mkdf-eh-item-content mkdf-eh-custom-8904\" style=\"padding: 0px 30%\">\n\t\t\t<div class=\"mkdf-section-title-holder  mkdf-st-standard mkdf-st-title-left mkdf-st-normal-space \" >\n\t<div class=\"mkdf-st-inner\">\n\t\t\t\t\t<h2 class=\"mkdf-st-title\" >\n\t\t\t\tDescobreix la masia, viu el gust de la terra i de la tradici\u00f3\t\t\t<\/h2>\n\t\t\t\t<div class=\"mkdf-separator-holder clearfix   \">\n\t<div class=\"mkdf-separator\" style=\"width: 80px;border-bottom-width: 2px\"><\/div>\n<\/div>\n\t\t\t\t\t<p class=\"mkdf-st-text\" style=\"color: #4e4e4e;font-size: 20px;line-height: 32px;font-weight: 300\">\n\t\t\t\tA la vora d\u2019una zona urbana per\u00f2 envoltada de natura, la Masia de Mas Llun\u00e8s \u00e9s molt m\u00e9s que un restaurant: \u00e9s una experi\u00e8ncia. Ubicada en una masia amb hist\u00f2ria, restaurada amb cura per conservar-ne l'ess\u00e8ncia, oferim un espai c\u00e0lid, familiar i obert, pensat per gaudir amb tranquil\u00b7litat dels sabors aut\u00e8ntics de la terra.\t\t\t<\/p>\n\t\t\t<\/div>\n<\/div>\t\t<\/div>\n\t<\/div>\n<\/div><\/div>[\/vc_column][\/vc_row][vc_row content_text_aligment=\u00bbcenter\u00bb parallax_background_image=\u00bb5259&#8243;][vc_column]<div class=\"mkdf-elements-holder   mkdf-one-column  mkdf-responsive-mode-768 \" ><div class=\"mkdf-eh-item    \"  data-item-class=\"mkdf-eh-custom-8496\" data-1025-1366=\"6.1% 9%\" data-769-1024=\"15% 6% 17%\" data-681-768=\"20% 5% 17%\" data-680=\"21% 5px 0px\">\n\t<div class=\"mkdf-eh-item-inner\">\n\t\t<div class=\"mkdf-eh-item-content mkdf-eh-custom-8496\" style=\"padding: 12.3% 10%\">\n\t\t\t<h1 class=\"mkdf-custom-font-holder  mkdf-cf-3651   \" style=\"text-align: center;color: #ffffff\" data-item-class=\"mkdf-cf-3651\" data-font-size-1366=\"78px\" data-font-size-1024=\"60px\" data-font-size-768=\"45px\" data-font-size-680=\"22px\" data-line-height-1366=\"91px\" data-line-height-1024=\"74px\" data-line-height-768=\"59px\" data-line-height-680=\"36px\">\n\tCuina amb ess\u00e8ncia, foc i tradici\u00f3<\/h1>\t\t<\/div>\n\t<\/div>\n<\/div><\/div>[\/vc_column][\/vc_row][vc_row row_content_width=\u00bbgrid\u00bb css=\u00bb.vc_custom_1758059494298{padding-top: 145px !important;padding-bottom: 94px !important;}\u00bb][vc_column offset=\u00bbvc_col-lg-6 vc_col-md-12&#8243;]<div class=\"mkdf-elements-holder   mkdf-one-column  mkdf-responsive-mode-768 \" ><div class=\"mkdf-eh-item    \"  data-item-class=\"mkdf-eh-custom-9967\" data-769-1024=\"0px\" data-681-768=\"0px\" data-680=\"0px\">\n\t<div class=\"mkdf-eh-item-inner\">\n\t\t<div class=\"mkdf-eh-item-content mkdf-eh-custom-9967\" style=\"padding: 0 7% 0 0\">\n\t\t\t<h4 class=\"mkdf-custom-font-holder  mkdf-cf-6454   \" style=\"font-size: 21px;font-weight: 500;color: #000000\" data-item-class=\"mkdf-cf-6454\">\n\tON TROBAR-NOS<\/h4>[vc_empty_space height=\u00bb25px\u00bb][vc_gmaps link=\u00bb#E-8_JTNDaWZyYW1lJTIwc3JjJTNEJTIyaHR0cHMlM0ElMkYlMkZ3d3cuZ29vZ2xlLmNvbSUyRm1hcHMlMkZlbWJlZCUzRnBiJTNEJTIxMW0xOCUyMTFtMTIlMjExbTMlMjExZDcwNTcuNDE0OTUwOTMwMTY3JTIxMmQyLjY3Njc2NjU5MjM5OTI3MjUlMjEzZDQxLjk1MTM3NDk0NDAxNDk0JTIxMm0zJTIxMWYwJTIxMmYwJTIxM2YwJTIxM20yJTIxMWkxMDI0JTIxMmk3NjglMjE0ZjEzLjElMjEzbTMlMjExbTIlMjExczB4MTJiYWQ5NDdlMTczNWE0NSUyNTNBMHgyZWMzYjFmYTcyODJjYjc0JTIxMnNMYSUyNTIwTWFzaWElMjUyMGRlJTI1MjBNYXMlMjUyMExsdW4lMjVDMyUyNUE4cyUyMTVlMCUyMTNtMiUyMTFzZXMlMjEyc2VzJTIxNHYxNzU1ODc1MjcxNTYxJTIxNW0yJTIxMXNlcyUyMTJzZXMlMjIlMjB3aWR0aCUzRCUyMjYwMCUyMiUyMGhlaWdodCUzRCUyMjQ1MCUyMiUyMHN0eWxlJTNEJTIyYm9yZGVyJTNBMCUzQiUyMiUyMGFsbG93ZnVsbHNjcmVlbiUzRCUyMiUyMiUyMGxvYWRpbmclM0QlMjJsYXp5JTIyJTIwcmVmZXJyZXJwb2xpY3klM0QlMjJuby1yZWZlcnJlci13aGVuLWRvd25ncmFkZSUyMiUzRSUzQyUyRmlmcmFtZSUzRQ==\u00bb size=\u00bb272px\u00bb]\t\t<\/div>\n\t<\/div>\n<\/div><\/div>[vc_empty_space height=\u00bb40px\u00bb][\/vc_column][vc_column offset=\u00bbvc_col-lg-3 vc_col-md-12&#8243;]<div class=\"mkdf-elements-holder   mkdf-one-column  mkdf-responsive-mode-768 \" ><div class=\"mkdf-eh-item mkdf-link-tel-custom-class   \"  data-item-class=\"mkdf-eh-custom-1524\">\n\t<div class=\"mkdf-eh-item-inner\">\n\t\t<div class=\"mkdf-eh-item-content mkdf-eh-custom-1524\" >\n\t\t\t<h4 class=\"mkdf-custom-font-holder  mkdf-cf-1518   \" style=\"font-size: 21px;font-weight: 500;color: #000000\" data-item-class=\"mkdf-cf-1518\">\n\tCONTACTA'NS<\/h4>[vc_empty_space height=\u00bb5px\u00bb][vc_column_text]Adre\u00e7a:<br \/>\nCarrer de la Segarra, Parcela 272,<br \/>\n17162 El Mas Llun\u00e9s, Girona[\/vc_column_text][vc_empty_space height=\u00bb13px\u00bb][vc_column_text]Tel\u00e8fon:<\/p>\n<p><a href=\"callto:972421020\"><span style=\"color: #4e4e4e;\">972 42 10 20<\/span><\/a>[\/vc_column_text][vc_empty_space height=\u00bb13px\u00bb][vc_column_text]Correu:<br \/>\n<a href=\"mailto:masiademasllunes@gmail.com\"><span style=\"color: #4e4e4e;\">masiademasllunes@gmail.com<\/span><\/a>[\/vc_column_text]\t\t<\/div>\n\t<\/div>\n<\/div><\/div>[vc_empty_space height=\u00bb40px\u00bb][\/vc_column][\/vc_row][vc_row content_text_aligment=\u00bbcenter\u00bb parallax_background_image=\u00bb5385&#8243;][vc_column]<div class=\"mkdf-elements-holder   mkdf-one-column  mkdf-responsive-mode-768 \" ><div class=\"mkdf-eh-item    \"  data-item-class=\"mkdf-eh-custom-9765\" data-1025-1366=\"9% 0\" data-769-1024=\"13% 0\" data-681-768=\"18% 21px\" data-680=\"26% 13px 0\">\n\t<div class=\"mkdf-eh-item-inner\">\n\t\t<div class=\"mkdf-eh-item-content mkdf-eh-custom-9765\" style=\"padding: 14.5% 0\">\n\t\t\t[vc_single_image image=\u00bb5269&#8243; img_size=\u00bblarge\u00bb alignment=\u00bbcenter\u00bb]\t\t<\/div>\n\t<\/div>\n<\/div><\/div>[\/vc_column][\/vc_row]<\/p>\n<\/div>","protected":false},"excerpt":{"rendered":"<p>[vc_row row_content_width=\u00bbgrid\u00bb css=\u00bb.vc_custom_1755678599558{padding-top: 100px !important;padding-bottom: 12px !important;}\u00bb][vc_column][vc_column_text] ALGUNS DELS NOSTRES PLATS [\/vc_column_text][vc_row_inner][vc_column_inner offset=\u00bbvc_col-lg-4 vc_col-md-4&#8243;][vc_empty_space height=\u00bb75px\u00bb][vc_column_text] ENTRANTS [\/vc_column_text][vc_empty_space height=\u00bb16px\u00bb][\/vc_column_inner][vc_column_inner offset=\u00bbvc_col-lg-4 vc_col-md-4&#8243;][vc_empty_space height=\u00bb75px\u00bb][vc_column_text] PLATS PRINCIPALS [\/vc_column_text][vc_empty_space height=\u00bb16px\u00bb][\/vc_column_inner][vc_column_inner offset=\u00bbvc_col-lg-4 vc_col-md-4&#8243;][vc_empty_space height=\u00bb75px\u00bb][vc_column_text] POSTRES [\/vc_column_text][vc_empty_space height=\u00bb16px\u00bb][\/vc_column_inner][\/vc_row_inner][vc_row_inner content_text_aligment=\u00bbcenter\u00bb css=\u00bb.vc_custom_1529592380633{padding-top: 42px !important;padding-bottom: 157px !important;}\u00bb][vc_column_inner][\/vc_column_inner][\/vc_row_inner][\/vc_column][\/vc_row][vc_row content_text_aligment=\u00bbcenter\u00bb parallax_background_image=\u00bb5382&#8243;][vc_column][\/vc_column][\/vc_row][vc_row disable_background_image=\u00bb\u00bb content_text_aligment=\u00bbcenter\u00bb simple_background_image=\u00bb368&#8243; css=\u00bb.vc_custom_1755686437755{padding-top: 159px !important;padding-bottom: 161px !important;}\u00bb background_image_position=\u00bbcenter\u00bb][vc_column][\/vc_column][\/vc_row][vc_row content_text_aligment=\u00bbcenter\u00bb parallax_background_image=\u00bb5259&#8243;][vc_column][\/vc_column][\/vc_row][vc_row row_content_width=\u00bbgrid\u00bb css=\u00bb.vc_custom_1758059494298{padding-top: 145px !important;padding-bottom: 94px !important;}\u00bb][vc_column offset=\u00bbvc_col-lg-6 vc_col-md-12&#8243;][vc_empty_space height=\u00bb40px\u00bb][\/vc_column][vc_column offset=\u00bbvc_col-lg-3 vc_col-md-12&#8243;][vc_empty_space height=\u00bb40px\u00bb][\/vc_column][\/vc_row][vc_row content_text_aligment=\u00bbcenter\u00bb parallax_background_image=\u00bb5385&#8243;][vc_column][\/vc_column][\/vc_row]<\/p>\n","protected":false},"author":1,"featured_media":0,"parent":0,"menu_order":0,"comment_status":"closed","ping_status":"closed","template":"full-width.php","meta":{"footnotes":""},"class_list":["post-363","page","type-page","status-publish","hentry"],"_links":{"self":[{"href":"https:\/\/www.masiademasllunes.com\/index.php\/wp-json\/wp\/v2\/pages\/363","targetHints":{"allow":["GET"]}}],"collection":[{"href":"https:\/\/www.masiademasllunes.com\/index.php\/wp-json\/wp\/v2\/pages"}],"about":[{"href":"https:\/\/www.masiademasllunes.com\/index.php\/wp-json\/wp\/v2\/types\/page"}],"author":[{"embeddable":true,"href":"https:\/\/www.masiademasllunes.com\/index.php\/wp-json\/wp\/v2\/users\/1"}],"replies":[{"embeddable":true,"href":"https:\/\/www.masiademasllunes.com\/index.php\/wp-json\/wp\/v2\/comments?post=363"}],"version-history":[{"count":22,"href":"https:\/\/www.masiademasllunes.com\/index.php\/wp-json\/wp\/v2\/pages\/363\/revisions"}],"predecessor-version":[{"id":5344,"href":"https:\/\/www.masiademasllunes.com\/index.php\/wp-json\/wp\/v2\/pages\/363\/revisions\/5344"}],"wp:attachment":[{"href":"https:\/\/www.masiademasllunes.com\/index.php\/wp-json\/wp\/v2\/media?parent=363"}],"curies":[{"name":"wp","href":"https:\/\/api.w.org\/{rel}","templated":true}]}}